{"id":8028,"date":"2018-12-10T03:06:47","date_gmt":"2018-12-10T03:06:47","guid":{"rendered":"http:\/\/travelhotel.wpengine.com\/?page_id=8028"},"modified":"2025-12-12T10:32:30","modified_gmt":"2025-12-12T15:32:30","slug":"a-propos-de-nous","status":"publish","type":"page","link":"https:\/\/ashtravelantigua.com\/fr\/about-us\/","title":{"rendered":"\u00c0 propos de nous"},"content":{"rendered":"<div data-elementor-type=\"wp-page\" data-elementor-id=\"8028\" class=\"elementor elementor-8028\" data-elementor-post-type=\"page\">\n\t\t\t\t<div class=\"elementor-element elementor-element-95013db guatemala-gallery e-flex e-con-boxed e-con e-parent\" data-id=\"95013db\" data-element_type=\"container\" data-e-type=\"container\">\n\t\t\t\t\t<div class=\"e-con-inner\">\n\t\t<div class=\"elementor-element elementor-element-2e19efa e-con-full e-flex e-con e-child\" data-id=\"2e19efa\" data-element_type=\"container\" data-e-type=\"container\">\n\t\t\t\t<div class=\"elementor-element elementor-element-33dc311 elementor-widget__width-initial elementor-widget-mobile__width-inherit elementor-widget elementor-widget-heading\" data-id=\"33dc311\" data-element_type=\"widget\" data-e-type=\"widget\" data-widget_type=\"heading.default\">\n\t\t\t\t<div class=\"elementor-widget-container\">\n\t\t\t\t\t<h2 class=\"elementor-heading-title elementor-size-default\">Votre agence locale de tourisme et de transport au Guatemala\n<\/h2>\t\t\t\t<\/div>\n\t\t\t\t<\/div>\n\t\t\t\t<\/div>\n\t\t<div class=\"elementor-element elementor-element-09438e2 e-con-full e-flex e-con e-child\" data-id=\"09438e2\" data-element_type=\"container\" data-e-type=\"container\">\n\t\t<div class=\"elementor-element elementor-element-39c9ae0 e-con-full e-flex e-con e-child\" data-id=\"39c9ae0\" data-element_type=\"container\" data-e-type=\"container\">\n\t\t\t\t<div class=\"elementor-element elementor-element-7ef7c69 elementor-arrows-position-inside elementor-widget elementor-widget-image-carousel\" data-id=\"7ef7c69\" data-element_type=\"widget\" data-e-type=\"widget\" data-settings=\"{&quot;slides_to_show&quot;:&quot;1&quot;,&quot;navigation&quot;:&quot;arrows&quot;,&quot;autoplay_speed&quot;:3000,&quot;effect&quot;:&quot;fade&quot;,&quot;autoplay&quot;:&quot;yes&quot;,&quot;pause_on_hover&quot;:&quot;yes&quot;,&quot;pause_on_interaction&quot;:&quot;yes&quot;,&quot;infinite&quot;:&quot;yes&quot;,&quot;speed&quot;:500}\" data-widget_type=\"image-carousel.default\">\n\t\t\t\t<div class=\"elementor-widget-container\">\n\t\t\t\t\t\t\t<div class=\"elementor-image-carousel-wrapper swiper\" role=\"region\" aria-roledescription=\"carousel\" aria-label=\"Carrousel d&#039;images\" dir=\"ltr\">\n\t\t\t<div class=\"elementor-image-carousel swiper-wrapper swiper-image-stretch\" aria-live=\"off\">\n\t\t\t\t\t\t\t\t<div class=\"swiper-slide\" role=\"group\" aria-roledescription=\"slide\" aria-label=\"1 de 11\"><figure class=\"swiper-slide-inner\"><img decoding=\"async\" class=\"swiper-slide-image\" src=\"https:\/\/ashtravelantigua.com\/wp-content\/uploads\/2025\/11\/TERRACERIA-VINOYCHOCOLATE2-fdbeacfe-640w.webp\" alt=\"TERRACERIA-+VINO+Y+CHOCOLATE+(2)-fdbeacfe-640w\" \/><\/figure><\/div><div class=\"swiper-slide\" role=\"group\" aria-roledescription=\"slide\" aria-label=\"2 de 11\"><figure class=\"swiper-slide-inner\"><img decoding=\"async\" class=\"swiper-slide-image\" src=\"https:\/\/ashtravelantigua.com\/wp-content\/uploads\/2025\/11\/pacaya-volcano-tour-2.jpg\" alt=\"pacaya-volcano-tour-2\" \/><\/figure><\/div><div class=\"swiper-slide\" role=\"group\" aria-roledescription=\"slide\" aria-label=\"3 de 11\"><figure class=\"swiper-slide-inner\"><img decoding=\"async\" class=\"swiper-slide-image\" src=\"https:\/\/ashtravelantigua.com\/wp-content\/uploads\/2025\/11\/free-photo-of-tailor-woman-sitting-in-workshop.jpeg\" alt=\"free-photo-of-tailor-woman-sitting-in-workshop\" \/><\/figure><\/div><div class=\"swiper-slide\" role=\"group\" aria-roledescription=\"slide\" aria-label=\"4 de 11\"><figure class=\"swiper-slide-inner\"><img decoding=\"async\" class=\"swiper-slide-image\" src=\"https:\/\/ashtravelantigua.com\/wp-content\/uploads\/2025\/11\/20221027_090802-min.jpg\" alt=\"20221027_090802-min\" \/><\/figure><\/div><div class=\"swiper-slide\" role=\"group\" aria-roledescription=\"slide\" aria-label=\"5 de 11\"><figure class=\"swiper-slide-inner\"><img decoding=\"async\" class=\"swiper-slide-image\" src=\"https:\/\/ashtravelantigua.com\/wp-content\/uploads\/2025\/11\/Tikal_3-scaled.jpg\" alt=\"visite de tikal\" \/><\/figure><\/div><div class=\"swiper-slide\" role=\"group\" aria-roledescription=\"slide\" aria-label=\"6 de 11\"><figure class=\"swiper-slide-inner\"><img decoding=\"async\" class=\"swiper-slide-image\" src=\"https:\/\/ashtravelantigua.com\/wp-content\/uploads\/2025\/11\/5493303057_01b4f005b4_o-1.webp\" alt=\"5493303057_01b4f005b4_o-1\" \/><\/figure><\/div><div class=\"swiper-slide\" role=\"group\" aria-roledescription=\"slide\" aria-label=\"7 de 11\"><figure class=\"swiper-slide-inner\"><img decoding=\"async\" class=\"swiper-slide-image\" src=\"https:\/\/ashtravelantigua.com\/wp-content\/uploads\/2025\/11\/1330889-640w.webp\" alt=\"_1330889-640w\" \/><\/figure><\/div><div class=\"swiper-slide\" role=\"group\" aria-roledescription=\"slide\" aria-label=\"8 de 11\"><figure class=\"swiper-slide-inner\"><img decoding=\"async\" class=\"swiper-slide-image\" src=\"https:\/\/ashtravelantigua.com\/wp-content\/uploads\/2025\/11\/33.jpg\" alt=\"33\" \/><\/figure><\/div><div class=\"swiper-slide\" role=\"group\" aria-roledescription=\"slide\" aria-label=\"9 sur 11\"><figure class=\"swiper-slide-inner\"><img decoding=\"async\" class=\"swiper-slide-image\" src=\"https:\/\/ashtravelantigua.com\/wp-content\/uploads\/2025\/11\/WhatsApp-Image-2025-01-28-at-12.20.45-PM-281-29-1920w-1.webp\" alt=\"WhatsApp-Image-2025-01-28-at-12.20.45-PM--281-29-1920w\" \/><\/figure><\/div><div class=\"swiper-slide\" role=\"group\" aria-roledescription=\"slide\" aria-label=\"10 sur 11\"><figure class=\"swiper-slide-inner\"><img decoding=\"async\" class=\"swiper-slide-image\" src=\"https:\/\/ashtravelantigua.com\/wp-content\/uploads\/2025\/11\/WhatsAppImage2025-02-04at12.47.53PM4-1920w-1.webp\" alt=\"WhatsApp+Image+2025-02-04+at+12.47.53+PM+(4)-1920w\" \/><\/figure><\/div><div class=\"swiper-slide\" role=\"group\" aria-roledescription=\"slide\" aria-label=\"11 de 11\"><figure class=\"swiper-slide-inner\"><img decoding=\"async\" class=\"swiper-slide-image\" src=\"https:\/\/ashtravelantigua.com\/wp-content\/uploads\/2025\/11\/image_processing20181019-4-1si3r48.jpg\" alt=\"image_processing20181019-4-1si3r48\" \/><\/figure><\/div>\t\t\t<\/div>\n\t\t\t\t\t\t\t\t\t\t\t\t<div class=\"elementor-swiper-button elementor-swiper-button-prev\" role=\"button\" tabindex=\"0\">\n\t\t\t\t\t\t<svg aria-hidden=\"true\" class=\"e-font-icon-svg e-eicon-chevron-left\" viewbox=\"0 0 1000 1000\" xmlns=\"http:\/\/www.w3.org\/2000\/svg\"><path d=\"M646 125C629 125 613 133 604 142L308 442C296 454 292 471 292 487 292 504 296 521 308 533L604 854C617 867 629 875 646 875 663 875 679 871 692 858 704 846 713 829 713 812 713 796 708 779 692 767L438 487 692 225C700 217 708 204 708 187 708 171 704 154 692 142 675 129 663 125 646 125Z\"><\/path><\/svg>\t\t\t\t\t<\/div>\n\t\t\t\t\t<div class=\"elementor-swiper-button elementor-swiper-button-next\" role=\"button\" tabindex=\"0\">\n\t\t\t\t\t\t<svg aria-hidden=\"true\" class=\"e-font-icon-svg e-eicon-chevron-right\" viewbox=\"0 0 1000 1000\" xmlns=\"http:\/\/www.w3.org\/2000\/svg\"><path d=\"M696 533C708 521 713 504 713 487 713 471 708 454 696 446L400 146C388 133 375 125 354 125 338 125 325 129 313 142 300 154 292 171 292 187 292 204 296 221 308 233L563 492 304 771C292 783 288 800 288 817 288 833 296 850 308 863 321 871 338 875 354 875 371 875 388 867 400 854L696 533Z\"><\/path><\/svg>\t\t\t\t\t<\/div>\n\t\t\t\t\n\t\t\t\t\t\t\t\t\t<\/div>\n\t\t\t\t\t\t<\/div>\n\t\t\t\t<\/div>\n\t\t\t\t<\/div>\n\t\t<div class=\"elementor-element elementor-element-bfab87f e-con-full e-flex e-con e-child\" data-id=\"bfab87f\" data-element_type=\"container\" data-e-type=\"container\">\n\t\t\t\t<div class=\"elementor-element elementor-element-4956a46 elementor-widget elementor-widget-text-editor\" data-id=\"4956a46\" data-element_type=\"widget\" data-e-type=\"widget\" data-widget_type=\"text-editor.default\">\n\t\t\t\t<div class=\"elementor-widget-container\">\n\t\t\t\t\t\t\t\t\t<p data-start=\"201\" data-end=\"575\">Chez Ash Travel, nous partageons le Guatemala avec les voyageurs de la m\u00eame mani\u00e8re que les locaux le vivent - avec passion, curiosit\u00e9 et une profonde fiert\u00e9 culturelle. Des volcans majestueux et des rues pav\u00e9es color\u00e9es d'Antigua aux anciens temples mayas de Tikal et au point de vue \u00e0 couper le souffle d'El Mirador, nous organisons des voyages qui r\u00e9v\u00e8lent les destinations les plus embl\u00e9matiques et les plus inoubliables du pays.<\/p><p data-start=\"577\" data-end=\"862\">Notre mission va au-del\u00e0 des visites touristiques. Nous voulons que vous\u00a0<em data-start=\"917\" data-end=\"923\">sentir<\/em>\u00a0Guatemala. Pour s'impr\u00e9gner de son histoire, de ses paysages, de ses saveurs et de ses r\u00e9cits. Chaque moment est pens\u00e9 pour cr\u00e9er des souvenirs inoubliables, des rencontres significatives et une exp\u00e9rience de voyage que vous n'oublierez jamais.<\/p><p data-start=\"1133\" data-end=\"1204\"><strong data-start=\"1133\" data-end=\"1161\">Pr\u00e9parons votre voyage.<\/strong><\/p><p data-start=\"1133\" data-end=\"1204\"><i>- Hugo et Maibely<\/i><\/p>\t\t\t\t\t\t\t\t<\/div>\n\t\t\t\t<\/div>\n\t\t\t\t<div class=\"elementor-element elementor-element-77793bf elementor-mobile-align-center elementor-widget elementor-widget-button\" data-id=\"77793bf\" data-element_type=\"widget\" data-e-type=\"widget\" data-widget_type=\"button.default\">\n\t\t\t\t<div class=\"elementor-widget-container\">\n\t\t\t\t\t\t\t\t\t<div class=\"elementor-button-wrapper\">\n\t\t\t\t\t<a class=\"elementor-button elementor-button-link elementor-size-sm\" href=\"https:\/\/ashtravelantigua.com\/contact\/\">\n\t\t\t\t\t\t<span class=\"elementor-button-content-wrapper\">\n\t\t\t\t\t\t\t\t\t<span class=\"elementor-button-text\">Nous contacter<\/span>\n\t\t\t\t\t<\/span>\n\t\t\t\t\t<\/a>\n\t\t\t\t<\/div>\n\t\t\t\t\t\t\t\t<\/div>\n\t\t\t\t<\/div>\n\t\t\t\t<\/div>\n\t\t\t\t<\/div>\n\t\t\t\t\t<\/div>\n\t\t\t\t<\/div>\n\t\t\t\t<\/div>","protected":false},"excerpt":{"rendered":"<p>Your Local Tour and Transportation Agency in Guatemala &nbsp; At Ash Travel, we share Guatemala with travelers the way locals experience it \u2014 with passion, curiosity, and deep cultural pride. From the majestic volcanoes and colorful cobblestone streets of Antigua to the ancient Mayan temples of Tikal and the breathtaking viewpoint at El Mirador, we [&hellip;]<\/p>\n","protected":false},"author":1,"featured_media":10960,"parent":0,"menu_order":0,"comment_status":"closed","ping_status":"closed","template":"template-fullwidth.php","meta":{"footnotes":""},"class_list":["post-8028","page","type-page","status-publish","has-post-thumbnail","hentry"],"_links":{"self":[{"href":"https:\/\/ashtravelantigua.com\/fr\/wp-json\/wp\/v2\/pages\/8028","targetHints":{"allow":["GET"]}}],"collection":[{"href":"https:\/\/ashtravelantigua.com\/fr\/wp-json\/wp\/v2\/pages"}],"about":[{"href":"https:\/\/ashtravelantigua.com\/fr\/wp-json\/wp\/v2\/types\/page"}],"author":[{"embeddable":true,"href":"https:\/\/ashtravelantigua.com\/fr\/wp-json\/wp\/v2\/users\/1"}],"replies":[{"embeddable":true,"href":"https:\/\/ashtravelantigua.com\/fr\/wp-json\/wp\/v2\/comments?post=8028"}],"version-history":[{"count":30,"href":"https:\/\/ashtravelantigua.com\/fr\/wp-json\/wp\/v2\/pages\/8028\/revisions"}],"predecessor-version":[{"id":11569,"href":"https:\/\/ashtravelantigua.com\/fr\/wp-json\/wp\/v2\/pages\/8028\/revisions\/11569"}],"wp:featuredmedia":[{"embeddable":true,"href":"https:\/\/ashtravelantigua.com\/fr\/wp-json\/wp\/v2\/media\/10960"}],"wp:attachment":[{"href":"https:\/\/ashtravelantigua.com\/fr\/wp-json\/wp\/v2\/media?parent=8028"}],"curies":[{"name":"wp","href":"https:\/\/api.w.org\/{rel}","templated":true}]}}